{"id":78,"date":"2025-04-08T17:42:04","date_gmt":"2025-04-08T17:42:04","guid":{"rendered":"https:\/\/codeando.cl\/prueba\/?page_id=78"},"modified":"2025-05-21T06:05:13","modified_gmt":"2025-05-21T06:05:13","slug":"servicios-a-municipios","status":"publish","type":"page","link":"https:\/\/incic.cl\/index.php\/servicios-a-municipios\/","title":{"rendered":"Servicios a Municipios"},"content":{"rendered":"<style>.kb-row-layout-id78_a8e161-60 > .kt-row-column-wrap{align-content:start;}:where(.kb-row-layout-id78_a8e161-60 > .kt-row-column-wrap) > .wp-block-kadence-column{justify-content:start;}.kb-row-layout-id78_a8e161-60 > .kt-row-column-wrap{column-gap:var(--global-kb-gap-md, 2rem);row-gap:var(--global-kb-gap-md, 2rem);max-width:1023px;margin-left:auto;margin-right:auto;padding-top:var(--global-kb-spacing-md, 2rem);padding-right:var(--global-kb-spacing-xs, 1rem);padding-bottom:var(--global-kb-spacing-md, 2rem);padding-left:var(--global-kb-spacing-xs, 1rem);grid-template-columns:minmax(0, 1fr);}.kb-row-layout-id78_a8e161-60 > .kt-row-layout-overlay{opacity:0.30;}@media all and (max-width: 1024px){.kb-row-layout-id78_a8e161-60 > .kt-row-column-wrap{grid-template-columns:minmax(0, 1fr);}}@media all and (max-width: 767px){.kb-row-layout-id78_a8e161-60 > .kt-row-column-wrap{grid-template-columns:minmax(0, 1fr);}}<\/style><div class=\"kb-row-layout-wrap kb-row-layout-id78_a8e161-60 alignfull has-theme-palette9-background-color kt-row-has-bg wp-block-kadence-rowlayout\"><div class=\"kt-row-column-wrap kt-has-1-columns kt-row-layout-equal kt-tab-layout-inherit kt-mobile-layout-row kt-row-valign-top\">\n<style>.kadence-column78_2972bf-e4 > .kt-inside-inner-col,.kadence-column78_2972bf-e4 > .kt-inside-inner-col:before{border-top-left-radius:0px;border-top-right-radius:0px;border-bottom-right-radius:0px;border-bottom-left-radius:0px;}.kadence-column78_2972bf-e4 > .kt-inside-inner-col{column-gap:var(--global-kb-gap-sm, 1rem);}.kadence-column78_2972bf-e4 > .kt-inside-inner-col{flex-direction:column;}.kadence-column78_2972bf-e4 > .kt-inside-inner-col > .aligncenter{width:100%;}.kadence-column78_2972bf-e4 > .kt-inside-inner-col:before{opacity:0.3;}.kadence-column78_2972bf-e4{position:relative;}.kadence-column78_2972bf-e4, .kt-inside-inner-col > .kadence-column78_2972bf-e4:not(.specificity){margin-top:0px;margin-right:0px;margin-bottom:0px;margin-left:0px;}@media all and (max-width: 1024px){.kadence-column78_2972bf-e4 > .kt-inside-inner-col{flex-direction:column;}}@media all and (max-width: 767px){.kadence-column78_2972bf-e4 > .kt-inside-inner-col{flex-direction:column;}}<\/style>\n<div class=\"wp-block-kadence-column kadence-column78_2972bf-e4 inner-column-1\"><div class=\"kt-inside-inner-col\"><style>.wp-block-kadence-advancedheading.kt-adv-heading78_924388-4c, .wp-block-kadence-advancedheading.kt-adv-heading78_924388-4c[data-kb-block=\"kb-adv-heading78_924388-4c\"]{margin-bottom:var(--global-kb-spacing-lg, 3rem);text-align:center;font-size:var(--global-kb-font-size-lg, 2rem);font-weight:normal;font-style:normal;}.wp-block-kadence-advancedheading.kt-adv-heading78_924388-4c mark.kt-highlight, .wp-block-kadence-advancedheading.kt-adv-heading78_924388-4c[data-kb-block=\"kb-adv-heading78_924388-4c\"] mark.kt-highlight{font-weight:normal;font-style:normal;color:#f76a0c;-webkit-box-decoration-break:clone;box-decoration-break:clone;padding-top:0px;padding-right:0px;padding-bottom:0px;padding-left:0px;}<\/style>\n<h2 class=\"kt-adv-heading78_924388-4c wp-block-kadence-advancedheading has-theme-palette-3-color has-text-color\" data-kb-block=\"kb-adv-heading78_924388-4c\">Servicios a Municipios<\/h2>\n\n\n\n<p class=\"has-text-align-center justificar has--font-size\">Ofrecemos una amplia gama de servicios psicol\u00f3gicos y de capacitaci\u00f3n para municipalidades, enfocados en mejorar el bienestar y desempe\u00f1o de su personal, as\u00ed como fortalecer los v\u00ednculos con la comunidad<\/p>\n<\/div><\/div>\n\n<\/div><\/div>\n\n<style>.kadence-column78_a3aae4-0a > .kt-inside-inner-col,.kadence-column78_a3aae4-0a > .kt-inside-inner-col:before{border-top-left-radius:0px;border-top-right-radius:0px;border-bottom-right-radius:0px;border-bottom-left-radius:0px;}.kadence-column78_a3aae4-0a > .kt-inside-inner-col{column-gap:var(--global-kb-gap-sm, 1rem);}.kadence-column78_a3aae4-0a > .kt-inside-inner-col{flex-direction:column;}.kadence-column78_a3aae4-0a > .kt-inside-inner-col > .aligncenter{width:100%;}.kadence-column78_a3aae4-0a > .kt-inside-inner-col:before{opacity:0.3;}.kadence-column78_a3aae4-0a{position:relative;}@media all and (max-width: 1024px){.kadence-column78_a3aae4-0a > .kt-inside-inner-col{flex-direction:column;}}@media all and (max-width: 767px){.kadence-column78_a3aae4-0a > .kt-inside-inner-col{flex-direction:column;}}<\/style>\n<div class=\"wp-block-kadence-column kadence-column78_a3aae4-0a\"><div class=\"kt-inside-inner-col\"><style>.kadence-column78_06ca5e-f6 > .kt-inside-inner-col,.kadence-column78_06ca5e-f6 > .kt-inside-inner-col:before{border-top-left-radius:0px;border-top-right-radius:0px;border-bottom-right-radius:0px;border-bottom-left-radius:0px;}.kadence-column78_06ca5e-f6 > .kt-inside-inner-col{column-gap:var(--global-kb-gap-sm, 1rem);}.kadence-column78_06ca5e-f6 > .kt-inside-inner-col{flex-direction:column;}.kadence-column78_06ca5e-f6 > .kt-inside-inner-col > .aligncenter{width:100%;}.kadence-column78_06ca5e-f6 > .kt-inside-inner-col:before{opacity:0.3;}.kadence-column78_06ca5e-f6{position:relative;}@media all and (max-width: 1024px){.kadence-column78_06ca5e-f6 > .kt-inside-inner-col{flex-direction:column;}}@media all and (max-width: 767px){.kadence-column78_06ca5e-f6 > .kt-inside-inner-col{flex-direction:column;}}<\/style>\n<div class=\"wp-block-kadence-column kadence-column78_06ca5e-f6\"><div class=\"kt-inside-inner-col\"><style>.kadence-column78_9b5228-dd > .kt-inside-inner-col,.kadence-column78_9b5228-dd > .kt-inside-inner-col:before{border-top-left-radius:0px;border-top-right-radius:0px;border-bottom-right-radius:0px;border-bottom-left-radius:0px;}.kadence-column78_9b5228-dd > .kt-inside-inner-col{column-gap:var(--global-kb-gap-sm, 1rem);}.kadence-column78_9b5228-dd > .kt-inside-inner-col{flex-direction:column;}.kadence-column78_9b5228-dd > .kt-inside-inner-col > .aligncenter{width:100%;}.kadence-column78_9b5228-dd > .kt-inside-inner-col:before{opacity:0.3;}.kadence-column78_9b5228-dd{position:relative;}@media all and (max-width: 1024px){.kadence-column78_9b5228-dd > .kt-inside-inner-col{flex-direction:column;}}@media all and (max-width: 767px){.kadence-column78_9b5228-dd > .kt-inside-inner-col{flex-direction:column;}}<\/style>\n<div class=\"wp-block-kadence-column kadence-column78_9b5228-dd\"><div class=\"kt-inside-inner-col\"><style>.kb-row-layout-id78_914496-f8 > .kt-row-column-wrap{align-content:start;}:where(.kb-row-layout-id78_914496-f8 > .kt-row-column-wrap) > .wp-block-kadence-column{justify-content:start;}.kb-row-layout-id78_914496-f8 > .kt-row-column-wrap{column-gap:var(--global-kb-gap-md, 2rem);row-gap:var(--global-kb-gap-md, 2rem);padding-top:var(--global-kb-spacing-sm, 1.5rem);padding-bottom:var(--global-kb-spacing-sm, 1.5rem);grid-template-columns:repeat(2, minmax(0, 1fr));}.kb-row-layout-id78_914496-f8 > .kt-row-layout-overlay{opacity:0.30;}@media all and (max-width: 1024px){.kb-row-layout-id78_914496-f8 > .kt-row-column-wrap{grid-template-columns:repeat(2, minmax(0, 1fr));}}@media all and (max-width: 767px){.kb-row-layout-id78_914496-f8 > .kt-row-column-wrap{grid-template-columns:minmax(0, 1fr);}}<\/style><div class=\"kb-row-layout-wrap kb-row-layout-id78_914496-f8 alignnone wp-block-kadence-rowlayout\"><div class=\"kt-row-column-wrap kt-has-2-columns kt-row-layout-equal kt-tab-layout-inherit kt-mobile-layout-row kt-row-valign-top\">\n<style>.kadence-column78_fbc540-10 > .kt-inside-inner-col,.kadence-column78_fbc540-10 > .kt-inside-inner-col:before{border-top-left-radius:0px;border-top-right-radius:0px;border-bottom-right-radius:0px;border-bottom-left-radius:0px;}.kadence-column78_fbc540-10 > .kt-inside-inner-col{column-gap:var(--global-kb-gap-sm, 1rem);}.kadence-column78_fbc540-10 > .kt-inside-inner-col{flex-direction:column;}.kadence-column78_fbc540-10 > .kt-inside-inner-col > .aligncenter{width:100%;}.kadence-column78_fbc540-10 > .kt-inside-inner-col:before{opacity:0.3;}.kadence-column78_fbc540-10{position:relative;}@media all and (max-width: 1024px){.kadence-column78_fbc540-10 > .kt-inside-inner-col{flex-direction:column;}}@media all and (max-width: 767px){.kadence-column78_fbc540-10 > .kt-inside-inner-col{flex-direction:column;}}<\/style>\n<div class=\"wp-block-kadence-column kadence-column78_fbc540-10\"><div class=\"kt-inside-inner-col\"><style>.kadence-column78_3a5a49-c8 > .kt-inside-inner-col{border-top:1px solid var(--global-palette7, #EDF2F7);border-right:1px solid var(--global-palette7, #EDF2F7);border-bottom:1px solid var(--global-palette7, #EDF2F7);border-left:1px solid var(--global-palette7, #EDF2F7);}.kadence-column78_3a5a49-c8 > .kt-inside-inner-col,.kadence-column78_3a5a49-c8 > .kt-inside-inner-col:before{border-top-left-radius:8px;border-top-right-radius:8px;border-bottom-right-radius:8px;border-bottom-left-radius:8px;}.kadence-column78_3a5a49-c8 > .kt-inside-inner-col{column-gap:var(--global-kb-gap-sm, 1rem);}.kadence-column78_3a5a49-c8 > .kt-inside-inner-col{flex-direction:column;}.kadence-column78_3a5a49-c8 > .kt-inside-inner-col > .aligncenter{width:100%;}.kadence-column78_3a5a49-c8 > .kt-inside-inner-col:before{opacity:0.3;}.kadence-column78_3a5a49-c8{position:relative;}.kadence-column78_3a5a49-c8, .kt-inside-inner-col > .kadence-column78_3a5a49-c8:not(.specificity){margin-top:0px;margin-right:20px;margin-bottom:0px;margin-left:10px;}@media all and (max-width: 1024px){.kadence-column78_3a5a49-c8 > .kt-inside-inner-col{border-top:1px solid var(--global-palette7, #EDF2F7);border-right:1px solid var(--global-palette7, #EDF2F7);border-bottom:1px solid var(--global-palette7, #EDF2F7);border-left:1px solid var(--global-palette7, #EDF2F7);flex-direction:column;}}@media all and (max-width: 767px){.kadence-column78_3a5a49-c8 > .kt-inside-inner-col{border-top:1px solid var(--global-palette7, #EDF2F7);border-right:1px solid var(--global-palette7, #EDF2F7);border-bottom:1px solid var(--global-palette7, #EDF2F7);border-left:1px solid var(--global-palette7, #EDF2F7);flex-direction:column;}}<\/style>\n<div class=\"wp-block-kadence-column kadence-column78_3a5a49-c8 inner-column-1\"><div class=\"kt-inside-inner-col\"><style>.kb-row-layout-id78_55b12f-8c > .kt-row-column-wrap{align-content:start;}:where(.kb-row-layout-id78_55b12f-8c > .kt-row-column-wrap) > .wp-block-kadence-column{justify-content:start;}.kb-row-layout-id78_55b12f-8c > .kt-row-column-wrap{column-gap:var(--global-kb-gap-md, 2rem);row-gap:var(--global-kb-gap-md, 2rem);padding-top:0px;padding-right:var(--global-kb-spacing-sm, 1.5rem);padding-bottom:0px;padding-left:var(--global-kb-spacing-sm, 1.5rem);grid-template-columns:minmax(0, 1fr);}.kb-row-layout-id78_55b12f-8c > .kt-row-layout-overlay{opacity:0.30;}.kb-row-layout-id78_55b12f-8c{z-index:1;position:relative;}@media all and (max-width: 1024px){.kb-row-layout-id78_55b12f-8c > .kt-row-column-wrap{grid-template-columns:minmax(0, 1fr);}}@media all and (max-width: 767px){.kb-row-layout-id78_55b12f-8c > .kt-row-column-wrap{grid-template-columns:minmax(0, 1fr);}}<\/style><div class=\"kb-row-layout-wrap kb-row-layout-id78_55b12f-8c alignnone wp-block-kadence-rowlayout\"><div class=\"kt-row-column-wrap kt-has-1-columns kt-row-layout-equal kt-tab-layout-inherit kt-mobile-layout-row kt-row-valign-top\">\n<style>.kadence-column78_6c5ddf-5b > .kt-inside-inner-col{display:flex;}.kadence-column78_6c5ddf-5b > .kt-inside-inner-col,.kadence-column78_6c5ddf-5b > .kt-inside-inner-col:before{border-top-left-radius:0px;border-top-right-radius:0px;border-bottom-right-radius:0px;border-bottom-left-radius:0px;}.kadence-column78_6c5ddf-5b > .kt-inside-inner-col{column-gap:var(--global-kb-gap-sm, 1rem);}.kadence-column78_6c5ddf-5b > .kt-inside-inner-col{flex-direction:column;justify-content:center;}.kadence-column78_6c5ddf-5b > .kt-inside-inner-col > .aligncenter{width:100%;}.kt-row-column-wrap > .kadence-column78_6c5ddf-5b{align-self:center;}.kt-inner-column-height-full:not(.kt-has-1-columns) > .wp-block-kadence-column.kadence-column78_6c5ddf-5b{align-self:auto;}.kt-inner-column-height-full:not(.kt-has-1-columns) > .wp-block-kadence-column.kadence-column78_6c5ddf-5b > .kt-inside-inner-col{flex-direction:column;justify-content:center;}.kadence-column78_6c5ddf-5b > .kt-inside-inner-col:before{opacity:0.3;}.kadence-column78_6c5ddf-5b{position:relative;}.kadence-column78_6c5ddf-5b, .kt-inside-inner-col > .kadence-column78_6c5ddf-5b:not(.specificity){margin-top:0px;margin-right:0px;margin-bottom:0px;margin-left:0px;}@media all and (max-width: 1024px){.kt-row-column-wrap > .kadence-column78_6c5ddf-5b{align-self:center;}}@media all and (max-width: 1024px){.kt-inner-column-height-full:not(.kt-has-1-columns) > .wp-block-kadence-column.kadence-column78_6c5ddf-5b{align-self:auto;}}@media all and (max-width: 1024px){.kt-inner-column-height-full:not(.kt-has-1-columns) > .wp-block-kadence-column.kadence-column78_6c5ddf-5b > .kt-inside-inner-col{flex-direction:column;justify-content:center;}}@media all and (max-width: 1024px){.kadence-column78_6c5ddf-5b > .kt-inside-inner-col{flex-direction:column;}}@media all and (max-width: 767px){.kt-row-column-wrap > .kadence-column78_6c5ddf-5b{align-self:center;}.kt-inner-column-height-full:not(.kt-has-1-columns) > .wp-block-kadence-column.kadence-column78_6c5ddf-5b{align-self:auto;}.kt-inner-column-height-full:not(.kt-has-1-columns) > .wp-block-kadence-column.kadence-column78_6c5ddf-5b > .kt-inside-inner-col{flex-direction:column;justify-content:center;}.kadence-column78_6c5ddf-5b > .kt-inside-inner-col{flex-direction:column;}}<\/style>\n<div class=\"wp-block-kadence-column kadence-column78_6c5ddf-5b inner-column-1\"><div class=\"kt-inside-inner-col\"><style>.wp-block-kadence-image.kb-image78_a1979e-f7:not(.kb-specificity-added):not(.kb-extra-specificity-added){margin-right:-24px;margin-left:-24px;}.kb-image78_a1979e-f7.kb-image-is-ratio-size, .kb-image78_a1979e-f7 .kb-image-is-ratio-size{max-width:297px;width:100%;}.wp-block-kadence-column > .kt-inside-inner-col > .kb-image78_a1979e-f7.kb-image-is-ratio-size, .wp-block-kadence-column > .kt-inside-inner-col > .kb-image78_a1979e-f7 .kb-image-is-ratio-size{align-self:unset;}.kb-image78_a1979e-f7 figure{max-width:297px;}.kb-image78_a1979e-f7 .image-is-svg, .kb-image78_a1979e-f7 .image-is-svg img{width:100%;}.kb-image78_a1979e-f7 .kb-image-has-overlay:after{opacity:0.3;}.kb-image78_a1979e-f7 img.kb-img, .kb-image78_a1979e-f7 .kb-img img{box-shadow:0px 0px 60px 5px rgba(0, 0, 0, 0.2);filter:drop-shadow(0px 0px 14px rgba(0, 0, 0, 0.2));}@media all and (max-width: 1024px){.wp-block-kadence-image.kb-image78_a1979e-f7:not(.kb-specificity-added):not(.kb-extra-specificity-added){margin-right:var(--global-kb-spacing-auto, auto);margin-left:var(--global-kb-spacing-auto, auto);}}<\/style>\n<div class=\"wp-block-kadence-image kb-image78_a1979e-f7\"><figure class=\"aligncenter size-full\"><img loading=\"lazy\" decoding=\"async\" width=\"1024\" height=\"1024\" src=\"https:\/\/incic.cl\/wp-content\/uploads\/2025\/05\/mun1.jpeg\" alt=\"\" class=\"kb-img wp-image-328\" srcset=\"https:\/\/incic.cl\/wp-content\/uploads\/2025\/05\/mun1.jpeg 1024w, https:\/\/incic.cl\/wp-content\/uploads\/2025\/05\/mun1-300x300.jpeg 300w, https:\/\/incic.cl\/wp-content\/uploads\/2025\/05\/mun1-150x150.jpeg 150w, https:\/\/incic.cl\/wp-content\/uploads\/2025\/05\/mun1-768x768.jpeg 768w\" sizes=\"auto, (max-width: 1024px) 100vw, 1024px\" \/><\/figure><\/div>\n\n\n<style>.wp-block-kadence-advancedheading.kt-adv-heading78_52eb1a-5a, .wp-block-kadence-advancedheading.kt-adv-heading78_52eb1a-5a[data-kb-block=\"kb-adv-heading78_52eb1a-5a\"]{margin-top:var(--global-kb-spacing-md, 2rem);margin-bottom:var(--global-kb-spacing-md, 2rem);text-align:center;font-size:var(--global-kb-font-size-md, 1.25rem);line-height:1.3;font-weight:normal;font-style:normal;}.wp-block-kadence-advancedheading.kt-adv-heading78_52eb1a-5a mark.kt-highlight, .wp-block-kadence-advancedheading.kt-adv-heading78_52eb1a-5a[data-kb-block=\"kb-adv-heading78_52eb1a-5a\"] mark.kt-highlight{font-weight:normal;font-style:normal;color:#f76a0c;-webkit-box-decoration-break:clone;box-decoration-break:clone;padding-top:0px;padding-right:0px;padding-bottom:0px;padding-left:0px;}<\/style>\n<div class=\"kt-adv-heading78_52eb1a-5a wp-block-kadence-advancedheading\" data-kb-block=\"kb-adv-heading78_52eb1a-5a\"><strong>Asesor\u00eda en evaluaciones de riesgos psicosociales<\/strong><\/div>\n\n\n\n<p class=\"justificar\">Evaluaci\u00f3n de riesgos psicosociales y factores de estr\u00e9s en el ambiente laboral municipal, con recomendaciones para su prevenci\u00f3n y manejo. Investigaci\u00f3n y estudios sobre temas psicosociales relevantes para la localidad, que puedan orientar pol\u00edticas p\u00fablicas y toma de decisiones<\/p>\n<\/div><\/div>\n\n<\/div><\/div><\/div><\/div>\n<\/div><\/div>\n\n\n<style>.kadence-column78_c18a88-82 > .kt-inside-inner-col{border-top:1px solid var(--global-palette7, #EDF2F7);border-right:1px solid var(--global-palette7, #EDF2F7);border-bottom:1px solid var(--global-palette7, #EDF2F7);border-left:1px solid var(--global-palette7, #EDF2F7);}.kadence-column78_c18a88-82 > .kt-inside-inner-col,.kadence-column78_c18a88-82 > .kt-inside-inner-col:before{border-top-left-radius:8px;border-top-right-radius:8px;border-bottom-right-radius:8px;border-bottom-left-radius:8px;}.kadence-column78_c18a88-82 > .kt-inside-inner-col{column-gap:var(--global-kb-gap-sm, 1rem);}.kadence-column78_c18a88-82 > .kt-inside-inner-col{flex-direction:column;}.kadence-column78_c18a88-82 > .kt-inside-inner-col > .aligncenter{width:100%;}.kadence-column78_c18a88-82 > .kt-inside-inner-col:before{opacity:0.3;}.kadence-column78_c18a88-82{position:relative;}.kadence-column78_c18a88-82, .kt-inside-inner-col > .kadence-column78_c18a88-82:not(.specificity){margin-top:0px;margin-right:20px;margin-bottom:0px;margin-left:10px;}@media all and (max-width: 1024px){.kadence-column78_c18a88-82 > .kt-inside-inner-col{border-top:1px solid var(--global-palette7, #EDF2F7);border-right:1px solid var(--global-palette7, #EDF2F7);border-bottom:1px solid var(--global-palette7, #EDF2F7);border-left:1px solid var(--global-palette7, #EDF2F7);flex-direction:column;}}@media all and (max-width: 767px){.kadence-column78_c18a88-82 > .kt-inside-inner-col{border-top:1px solid var(--global-palette7, #EDF2F7);border-right:1px solid var(--global-palette7, #EDF2F7);border-bottom:1px solid var(--global-palette7, #EDF2F7);border-left:1px solid var(--global-palette7, #EDF2F7);flex-direction:column;}}<\/style>\n<div class=\"wp-block-kadence-column kadence-column78_c18a88-82 inner-column-1\"><div class=\"kt-inside-inner-col\"><style>.kb-row-layout-id78_07658c-5a > .kt-row-column-wrap{align-content:start;}:where(.kb-row-layout-id78_07658c-5a > .kt-row-column-wrap) > .wp-block-kadence-column{justify-content:start;}.kb-row-layout-id78_07658c-5a > .kt-row-column-wrap{column-gap:var(--global-kb-gap-md, 2rem);row-gap:var(--global-kb-gap-md, 2rem);padding-top:0px;padding-right:var(--global-kb-spacing-sm, 1.5rem);padding-bottom:0px;padding-left:var(--global-kb-spacing-sm, 1.5rem);grid-template-columns:minmax(0, 1fr);}.kb-row-layout-id78_07658c-5a > .kt-row-layout-overlay{opacity:0.30;}.kb-row-layout-id78_07658c-5a{z-index:1;position:relative;}@media all and (max-width: 1024px){.kb-row-layout-id78_07658c-5a > .kt-row-column-wrap{grid-template-columns:minmax(0, 1fr);}}@media all and (max-width: 767px){.kb-row-layout-id78_07658c-5a > .kt-row-column-wrap{grid-template-columns:minmax(0, 1fr);}}<\/style><div class=\"kb-row-layout-wrap kb-row-layout-id78_07658c-5a alignnone wp-block-kadence-rowlayout\"><div class=\"kt-row-column-wrap kt-has-1-columns kt-row-layout-equal kt-tab-layout-inherit kt-mobile-layout-row kt-row-valign-top\">\n<style>.kadence-column78_f1777c-b5 > .kt-inside-inner-col{display:flex;}.kadence-column78_f1777c-b5 > .kt-inside-inner-col,.kadence-column78_f1777c-b5 > .kt-inside-inner-col:before{border-top-left-radius:0px;border-top-right-radius:0px;border-bottom-right-radius:0px;border-bottom-left-radius:0px;}.kadence-column78_f1777c-b5 > .kt-inside-inner-col{column-gap:var(--global-kb-gap-sm, 1rem);}.kadence-column78_f1777c-b5 > .kt-inside-inner-col{flex-direction:column;justify-content:center;}.kadence-column78_f1777c-b5 > .kt-inside-inner-col > .aligncenter{width:100%;}.kt-row-column-wrap > .kadence-column78_f1777c-b5{align-self:center;}.kt-inner-column-height-full:not(.kt-has-1-columns) > .wp-block-kadence-column.kadence-column78_f1777c-b5{align-self:auto;}.kt-inner-column-height-full:not(.kt-has-1-columns) > .wp-block-kadence-column.kadence-column78_f1777c-b5 > .kt-inside-inner-col{flex-direction:column;justify-content:center;}.kadence-column78_f1777c-b5 > .kt-inside-inner-col:before{opacity:0.3;}.kadence-column78_f1777c-b5{position:relative;}.kadence-column78_f1777c-b5, .kt-inside-inner-col > .kadence-column78_f1777c-b5:not(.specificity){margin-top:0px;margin-right:0px;margin-bottom:0px;margin-left:0px;}@media all and (max-width: 1024px){.kt-row-column-wrap > .kadence-column78_f1777c-b5{align-self:center;}}@media all and (max-width: 1024px){.kt-inner-column-height-full:not(.kt-has-1-columns) > .wp-block-kadence-column.kadence-column78_f1777c-b5{align-self:auto;}}@media all and (max-width: 1024px){.kt-inner-column-height-full:not(.kt-has-1-columns) > .wp-block-kadence-column.kadence-column78_f1777c-b5 > .kt-inside-inner-col{flex-direction:column;justify-content:center;}}@media all and (max-width: 1024px){.kadence-column78_f1777c-b5 > .kt-inside-inner-col{flex-direction:column;}}@media all and (max-width: 767px){.kt-row-column-wrap > .kadence-column78_f1777c-b5{align-self:center;}.kt-inner-column-height-full:not(.kt-has-1-columns) > .wp-block-kadence-column.kadence-column78_f1777c-b5{align-self:auto;}.kt-inner-column-height-full:not(.kt-has-1-columns) > .wp-block-kadence-column.kadence-column78_f1777c-b5 > .kt-inside-inner-col{flex-direction:column;justify-content:center;}.kadence-column78_f1777c-b5 > .kt-inside-inner-col{flex-direction:column;}}<\/style>\n<div class=\"wp-block-kadence-column kadence-column78_f1777c-b5 inner-column-1\"><div class=\"kt-inside-inner-col\"><style>.kb-image78_6246cb-0e.kb-image-is-ratio-size, .kb-image78_6246cb-0e .kb-image-is-ratio-size{max-width:313px;width:100%;}.wp-block-kadence-column > .kt-inside-inner-col > .kb-image78_6246cb-0e.kb-image-is-ratio-size, .wp-block-kadence-column > .kt-inside-inner-col > .kb-image78_6246cb-0e .kb-image-is-ratio-size{align-self:unset;}.kb-image78_6246cb-0e figure{max-width:313px;}.kb-image78_6246cb-0e .image-is-svg, .kb-image78_6246cb-0e .image-is-svg img{width:100%;}.kb-image78_6246cb-0e .kb-image-has-overlay:after{opacity:0.3;}.kb-image78_6246cb-0e img.kb-img, .kb-image78_6246cb-0e .kb-img img{box-shadow:0px 0px 60px 5px rgba(0, 0, 0, 0.2);filter:drop-shadow(0px 0px 14px rgba(0, 0, 0, 0.2));}<\/style>\n<div class=\"wp-block-kadence-image kb-image78_6246cb-0e\"><figure class=\"aligncenter size-full\"><img loading=\"lazy\" decoding=\"async\" width=\"1024\" height=\"1024\" src=\"https:\/\/incic.cl\/wp-content\/uploads\/2025\/05\/mun3.jpeg\" alt=\"\" class=\"kb-img wp-image-331\" srcset=\"https:\/\/incic.cl\/wp-content\/uploads\/2025\/05\/mun3.jpeg 1024w, https:\/\/incic.cl\/wp-content\/uploads\/2025\/05\/mun3-300x300.jpeg 300w, https:\/\/incic.cl\/wp-content\/uploads\/2025\/05\/mun3-150x150.jpeg 150w, https:\/\/incic.cl\/wp-content\/uploads\/2025\/05\/mun3-768x768.jpeg 768w\" sizes=\"auto, (max-width: 1024px) 100vw, 1024px\" \/><\/figure><\/div>\n\n\n<style>.wp-block-kadence-advancedheading.kt-adv-heading78_185fbe-00, .wp-block-kadence-advancedheading.kt-adv-heading78_185fbe-00[data-kb-block=\"kb-adv-heading78_185fbe-00\"]{margin-top:var(--global-kb-spacing-md, 2rem);margin-bottom:var(--global-kb-spacing-md, 2rem);text-align:center;font-size:var(--global-kb-font-size-md, 1.25rem);line-height:1.3;font-weight:normal;font-style:normal;}.wp-block-kadence-advancedheading.kt-adv-heading78_185fbe-00 mark.kt-highlight, .wp-block-kadence-advancedheading.kt-adv-heading78_185fbe-00[data-kb-block=\"kb-adv-heading78_185fbe-00\"] mark.kt-highlight{font-weight:normal;font-style:normal;color:#f76a0c;-webkit-box-decoration-break:clone;box-decoration-break:clone;padding-top:0px;padding-right:0px;padding-bottom:0px;padding-left:0px;}<\/style>\n<div class=\"kt-adv-heading78_185fbe-00 wp-block-kadence-advancedheading\" data-kb-block=\"kb-adv-heading78_185fbe-00\"><strong>Campa\u00f1as de psicoeducaci\u00f3n sobre tem\u00e1ticas de inter\u00e9s<\/strong><\/div>\n\n\n\n<p class=\"justificar\">Desarrollo de campa\u00f1as de concientizaci\u00f3n y educaci\u00f3n sobre temas de salud mental, violencia intrafamiliar, adicciones, habilidades parentales, u otros problemas sociales relevantes para la comunidad<\/p>\n<\/div><\/div>\n\n<\/div><\/div><\/div><\/div>\n\n<\/div><\/div><\/div><\/div>\n<\/div><\/div>\n<\/div><\/div>\n\n\n\n<div class=\"wp-block-columns is-layout-flex wp-container-core-columns-is-layout-9d6595d7 wp-block-columns-is-layout-flex\">\n<div class=\"wp-block-column is-layout-flow wp-block-column-is-layout-flow\" style=\"padding-top:var(--wp--preset--spacing--40);padding-bottom:var(--wp--preset--spacing--40);flex-basis:50%\">\n<div class=\"wp-block-group justificar is-nowrap is-layout-flex wp-container-core-group-is-layout-2b3c073c wp-block-group-is-layout-flex\" style=\"margin-top:0;margin-right:var(--wp--preset--spacing--40);margin-bottom:0;margin-left:var(--wp--preset--spacing--40)\"><\/div>\n<\/div>\n<\/div>\n\n\n\n<p><\/p>\n","protected":false},"excerpt":{"rendered":"<p>Servicios a Municipios Ofrecemos una amplia gama de servicios psicol\u00f3gicos y de capacitaci\u00f3n para municipalidades, enfocados en mejorar el bienestar y desempe\u00f1o de su personal, as\u00ed como fortalecer los v\u00ednculos con la comunidad Asesor\u00eda en evaluaciones de riesgos psicosociales Evaluaci\u00f3n de riesgos psicosociales y factores de estr\u00e9s en el ambiente laboral municipal, con recomendaciones para&#8230;<\/p>\n","protected":false},"author":1,"featured_media":0,"parent":0,"menu_order":0,"comment_status":"closed","ping_status":"closed","template":"","meta":{"_kad_post_transparent":"disable","_kad_post_title":"hide","_kad_post_layout":"normal","_kad_post_sidebar_id":"","_kad_post_content_style":"unboxed","_kad_post_vertical_padding":"hide","_kad_post_feature":"hide","_kad_post_feature_position":"","_kad_post_header":false,"_kad_post_footer":false,"footnotes":""},"class_list":["post-78","page","type-page","status-publish","hentry"],"_links":{"self":[{"href":"https:\/\/incic.cl\/index.php\/wp-json\/wp\/v2\/pages\/78","targetHints":{"allow":["GET"]}}],"collection":[{"href":"https:\/\/incic.cl\/index.php\/wp-json\/wp\/v2\/pages"}],"about":[{"href":"https:\/\/incic.cl\/index.php\/wp-json\/wp\/v2\/types\/page"}],"author":[{"embeddable":true,"href":"https:\/\/incic.cl\/index.php\/wp-json\/wp\/v2\/users\/1"}],"replies":[{"embeddable":true,"href":"https:\/\/incic.cl\/index.php\/wp-json\/wp\/v2\/comments?post=78"}],"version-history":[{"count":14,"href":"https:\/\/incic.cl\/index.php\/wp-json\/wp\/v2\/pages\/78\/revisions"}],"predecessor-version":[{"id":393,"href":"https:\/\/incic.cl\/index.php\/wp-json\/wp\/v2\/pages\/78\/revisions\/393"}],"wp:attachment":[{"href":"https:\/\/incic.cl\/index.php\/wp-json\/wp\/v2\/media?parent=78"}],"curies":[{"name":"wp","href":"https:\/\/api.w.org\/{rel}","templated":true}]}}